{"id":2,"date":"2025-04-17T20:58:37","date_gmt":"2025-04-17T18:58:37","guid":{"rendered":"http:\/\/testwp68-ai.you2.pl\/?page_id=2"},"modified":"2026-03-18T20:12:00","modified_gmt":"2026-03-18T19:12:00","slug":"przykladowa-strona","status":"publish","type":"page","link":"https:\/\/symulatorvr.razemzmieniamyjutro.pl\/","title":{"rendered":"O projekcie"},"content":{"rendered":"\t\t<div data-elementor-type=\"wp-page\" data-elementor-id=\"2\" class=\"elementor elementor-2\">\n\t\t\t\t<div class=\"elementor-element elementor-element-76f43a23 e-flex e-con-boxed e-con e-parent\" data-id=\"76f43a23\" data-element_type=\"container\" data-e-type=\"container\">\n\t\t\t\t\t<div class=\"e-con-inner\">\n\t\t\t\t<div class=\"elementor-element elementor-element-71b7bde5 elementor-widget elementor-widget-text-editor\" data-id=\"71b7bde5\" data-element_type=\"widget\" data-e-type=\"widget\" data-widget_type=\"text-editor.default\">\n\t\t\t\t\t\t\t\t\t<p><\/p>\n<p style=\"font-style: normal; caret-color: #000000; color: #000000;\" data-start=\"0\" data-end=\"434\"><strong data-start=\"0\" data-end=\"47\">Zobacz, Us\u0142ysz, Poczuj \u2013 Autyzm od Wewn\u0105trz<\/strong>&nbsp;to innowacyjny projekt edukacyjno-spo\u0142eczny, kt\u00f3ry wykorzystuje technologi\u0119 VR, aby przybli\u017cy\u0107 spos\u00f3b postrzegania \u015bwiata przez osoby w spektrum autyzmu. Dzi\u0119ki immersyjnej symulacji uczestnicy mog\u0105 do\u015bwiadczy\u0107 m.in. przebod\u017acowania sensorycznego, trudno\u015bci w komunikacji, dezorientacji czy stresu w codziennych sytuacjach, takich jak szko\u0142a.<\/p>\n<p style=\"font-style: normal; caret-color: #000000; color: #000000;\" data-start=\"436\" data-end=\"809\">Celem projektu jest zwi\u0119kszenie \u015bwiadomo\u015bci spo\u0142ecznej oraz budowanie empatii poprzez bezpo\u015brednie do\u015bwiadczenie \u2013 zamiast teorii uczestnik \u201ewchodzi\u201d w rzeczywisto\u015b\u0107 osoby w spektrum.&nbsp;<\/p>\n<p style=\"font-style: normal; caret-color: #000000; color: #000000;\" data-start=\"436\" data-end=\"809\"><strong data-start=\"620\" data-end=\"636\">Symulator VR<\/strong>&nbsp;zosta\u0142 opracowany we wsp\u00f3\u0142pracy&nbsp;<span style=\"font-size: medium; font-family: var( --e-global-typography-text-font-family ), Sans-serif; text-align: var(--text-align);\">z osobami w spektrum autyzmu<\/span><span style=\"font-family: var( --e-global-typography-text-font-family ), Sans-serif; text-align: var(--text-align);\">, ekspertami oraz studentami Politechniki \u015al\u0105skiej, co zapewnia jego autentyczno\u015b\u0107 i wysok\u0105 warto\u015b\u0107 edukacyjn\u0105.<\/span><\/p>\n<p style=\"font-style: normal; caret-color: #000000; color: #000000;\" data-start=\"811\" data-end=\"1072\">Projekt skierowany jest do szerokiego grona odbiorc\u00f3w \u2013 uczni\u00f3w, nauczycieli, rodzic\u00f3w oraz pracownik\u00f3w instytucji publicznych. Stanowi narz\u0119dzie wspieraj\u0105ce edukacj\u0119 w\u0142\u0105czaj\u0105c\u0105 oraz lepsze zrozumienie codziennych wyzwa\u0144, z jakimi mierz\u0105 si\u0119 osoby z autyzmem.<\/p>\n<p><\/p>\t\t\t\t\t\t\t\t<\/div>\n\t\t\t\t\t<\/div>\n\t\t\t\t<\/div>\n\t\t\t\t<\/div>\n\t\t","protected":false},"excerpt":{"rendered":"<p>Zobacz, Us\u0142ysz, Poczuj \u2013 Autyzm od Wewn\u0105trz&nbsp;to innowacyjny projekt edukacyjno-spo\u0142eczny, kt\u00f3ry wykorzystuje technologi\u0119 VR, aby przybli\u017cy\u0107 spos\u00f3b postrzegania \u015bwiata przez [&hellip;]<\/p>\n","protected":false},"author":1,"featured_media":0,"parent":0,"menu_order":0,"comment_status":"closed","ping_status":"open","template":"","meta":{"site-sidebar-layout":"default","site-content-layout":"","ast-site-content-layout":"default","site-content-style":"default","site-sidebar-style":"default","ast-global-header-display":"","ast-banner-title-visibility":"","ast-main-header-display":"","ast-hfb-above-header-display":"","ast-hfb-below-header-display":"","ast-hfb-mobile-header-display":"","site-post-title":"disabled","ast-breadcrumbs-content":"","ast-featured-img":"","footer-sml-layout":"","ast-disable-related-posts":"","theme-transparent-header-meta":"","adv-header-id-meta":"","stick-header-meta":"","header-above-stick-meta":"","header-main-stick-meta":"","header-below-stick-meta":"","astra-migrate-meta-layouts":"default","ast-page-background-enabled":"default","ast-page-background-meta":{"desktop":{"background-color":"var(--ast-global-color-5)","background-image":"","background-repeat":"repeat","background-position":"center center","background-size":"auto","background-attachment":"scroll","background-type":"","background-media":"","overlay-type":"","overlay-color":"","overlay-opacity":"","overlay-gradient":""},"tablet":{"background-color":"","background-image":"","background-repeat":"repeat","background-position":"center center","background-size":"auto","background-attachment":"scroll","background-type":"","background-media":"","overlay-type":"","overlay-color":"","overlay-opacity":"","overlay-gradient":""},"mobile":{"background-color":"","background-image":"","background-repeat":"repeat","background-position":"center center","background-size":"auto","background-attachment":"scroll","background-type":"","background-media":"","overlay-type":"","overlay-color":"","overlay-opacity":"","overlay-gradient":""}},"ast-content-background-meta":{"desktop":{"background-color":"var(--ast-global-color-4)","background-image":"","background-repeat":"repeat","background-position":"center center","background-size":"auto","background-attachment":"scroll","background-type":"","background-media":"","overlay-type":"","overlay-color":"","overlay-opacity":"","overlay-gradient":""},"tablet":{"background-color":"var(--ast-global-color-4)","background-image":"","background-repeat":"repeat","background-position":"center center","background-size":"auto","background-attachment":"scroll","background-type":"","background-media":"","overlay-type":"","overlay-color":"","overlay-opacity":"","overlay-gradient":""},"mobile":{"background-color":"var(--ast-global-color-4)","background-image":"","background-repeat":"repeat","background-position":"center center","background-size":"auto","background-attachment":"scroll","background-type":"","background-media":"","overlay-type":"","overlay-color":"","overlay-opacity":"","overlay-gradient":""}},"footnotes":""},"class_list":["post-2","page","type-page","status-publish","hentry"],"_links":{"self":[{"href":"https:\/\/symulatorvr.razemzmieniamyjutro.pl\/index.php\/wp-json\/wp\/v2\/pages\/2","targetHints":{"allow":["GET"]}}],"collection":[{"href":"https:\/\/symulatorvr.razemzmieniamyjutro.pl\/index.php\/wp-json\/wp\/v2\/pages"}],"about":[{"href":"https:\/\/symulatorvr.razemzmieniamyjutro.pl\/index.php\/wp-json\/wp\/v2\/types\/page"}],"author":[{"embeddable":true,"href":"https:\/\/symulatorvr.razemzmieniamyjutro.pl\/index.php\/wp-json\/wp\/v2\/users\/1"}],"replies":[{"embeddable":true,"href":"https:\/\/symulatorvr.razemzmieniamyjutro.pl\/index.php\/wp-json\/wp\/v2\/comments?post=2"}],"version-history":[{"count":20,"href":"https:\/\/symulatorvr.razemzmieniamyjutro.pl\/index.php\/wp-json\/wp\/v2\/pages\/2\/revisions"}],"predecessor-version":[{"id":128,"href":"https:\/\/symulatorvr.razemzmieniamyjutro.pl\/index.php\/wp-json\/wp\/v2\/pages\/2\/revisions\/128"}],"wp:attachment":[{"href":"https:\/\/symulatorvr.razemzmieniamyjutro.pl\/index.php\/wp-json\/wp\/v2\/media?parent=2"}],"curies":[{"name":"wp","href":"https:\/\/api.w.org\/{rel}","templated":true}]}}